{"id":29378,"date":"2020-03-11T15:43:04","date_gmt":"2020-03-11T15:43:04","guid":{"rendered":"https:\/\/poetikseason.pt\/gdpr-term\/"},"modified":"2022-12-22T00:32:28","modified_gmt":"2022-12-22T00:32:28","slug":"gdpr-term","status":"publish","type":"page","link":"https:\/\/poetikseason.pt\/pt-pt\/gdpr-term\/","title":{"rendered":"RGPD \u2013 Politica de Privacidade"},"content":{"rendered":"<p style=\"text-align: justify;\">Poetikseason criou a presente Pol\u00edtica de Privacidade com o intuito de o informar como o site funciona e como a sua informa\u00e7\u00e3o pessoal \u00e9 tratada, tudo de acordo com o Regulamento Geral de Prote\u00e7\u00e3o de Dados Pessoais \u2013 Regulamento n\u00ba 2016\/679 do Parlamento Europeu e do Conselho, de 27 de abril de 2016.<\/p>\n<p style=\"text-align: justify;\">Chamamos a aten\u00e7\u00e3o que a presente Pol\u00edtica de Privacidade aplica-se a informa\u00e7\u00e3o colhida pela Freitas &amp; Sommer e n\u00e3o se estende a informa\u00e7\u00e3o que possa ter submetida em outros sites de reservas ou plataformas sociais geridas por entidades terceiras.<\/p>\n<h4 style=\"text-align: justify;\">1. Dados Pessoais Recolhidos<\/h4>\n<p style=\"text-align: justify;\"><strong>O site da Poetikseason apenas recolhe informa\u00e7\u00f5es pessoais que tenha voluntariamente fornecido. Recolhemos os seus dados mediante preenchimento do formul\u00e1rio on-line de pedido de reserva ou contacto. Ser\u00e1 solicitado que introduza o seu nome, contacto telef\u00f3nico, endere\u00e7o de correio eletr\u00f3nico e morada.<\/strong><\/p>\n<p style=\"text-align: justify;\"><strong>2. Finalidade dos dados<\/strong><\/p>\n<p style=\"text-align: justify;\">Os dados fornecidos ser\u00e3o utilizados para manter a rela\u00e7\u00e3o contratual e para a presta\u00e7\u00e3o dos servi\u00e7os pr\u00f3prios da Poetikseason.<\/p>\n<p style=\"text-align: justify;\">O seu endere\u00e7o de email poder\u00e1, caso assim concorde, ser utilizado para o envio de informa\u00e7\u00f5es relativas \u00e0s nossas actividades, promo\u00e7\u00f5es, eventos, entre outros.<\/p>\n<p style=\"text-align: justify;\">Se, a qualquer momento, quiser cancelar a subscri\u00e7\u00e3o de futuros e-mails, incluiremos instru\u00e7\u00f5es detalhadas de cancelamento, na parte inferior de cada e-mail.<\/p>\n<p style=\"text-align: justify;\"><strong>3. Confidencialidade<\/strong><\/p>\n<p style=\"text-align: justify;\">Informamos que a Poetikseason n\u00e3o comunica os seus dados a terceiros e mant\u00e9m absoluta confidencialidade sobre as informa\u00e7\u00f5es referentes aos seus contactos ou clientes, e que apenas comunicar\u00e1 os seus dados a terceiros no caso de tal comunica\u00e7\u00e3o de dados ser necess\u00e1ria para a presta\u00e7\u00e3o de servi\u00e7os.<\/p>\n<p style=\"text-align: justify;\"><strong>4 Seguran\u00e7a dos seus dados pessoais<\/strong><\/p>\n<p style=\"text-align: justify;\">APoetikseason\u00a0guarda os dados pessoais dos seus clientes em servidores alojados em Datacenter e territ\u00f3rio Nacional com redund\u00e2ncia de Datacenter em Espanha.<\/p>\n<p style=\"text-align: justify;\">O Datacenter disp\u00f5e de medidas f\u00edsicas de controlo de acessos, apenas por colaboradores devidamente autorizados. Existem circuitos de videovigil\u00e2ncia e controlo de acessos no edif\u00edcio e nas \u00e1reas reservadas.<\/p>\n<p style=\"text-align: justify;\">No que ao servidor diz respeito, mantemos as mais recentes vers\u00f5es de software por forma a prevenir eventuais falhas de seguran\u00e7a.<\/p>\n<p style=\"text-align: justify;\">Est\u00e3o instalados software que restringem o acesso entre-contas, garantindo que mesmo na eventualidade de uma conta ter uma falha de seguran\u00e7a ou vulnerabilidade no c\u00f3digo, n\u00e3o propaga \u00e0s demais. Existem tamb\u00e9m as seguintes solu\u00e7\u00f5es implementadas:<\/p>\n<p style=\"text-align: justify;\">-WAF<br \/>\n-IDS<br \/>\n-IPS<br \/>\nFirewall<br \/>\nO objectivo \u00e9 detectar e mitigar ataques direcionados a falhas de seguran\u00e7a nas plataformas do cliente, por exemplo atrav\u00e9s de SQL Injection.<br \/>\nDiariamente s\u00e3o efectuados backups de todos os conte\u00fados e enviados para storage remotos, permitindo repor os dados em caso de necessidade. Estes backups s\u00e3o efectuados por uma rede especifica em tr\u00e1fego pela internet.<\/p>\n<p style=\"text-align: justify;\">Certifica\u00e7\u00e3o ISO 9001:2015<\/p>\n<p style=\"text-align: justify;\">Este processo efectuado pela APCER \u2013 Associa\u00e7\u00e3o Portuguesa De Certifica\u00e7\u00e3o confere\u00a0 a certifica\u00e7\u00e3o no \u00e2mbito da comercializa\u00e7\u00e3o e consultoria de servi\u00e7os de alojamento web, registo de dom\u00ednios e servidores cloud.<\/p>\n<h4 style=\"text-align: justify;\">5. Cookies<\/h4>\n<p style=\"text-align: justify;\"><strong>O que s\u00e3o cookies?<\/strong><\/p>\n<p style=\"text-align: justify;\">&#8220;Cookies&#8221; s\u00e3o pequenas etiquetas de software que s\u00e3o armazenadas nos equipamentos de acesso atrav\u00e9s do navegador (browser), retendo apenas informa\u00e7\u00e3o relacionada com as prefer\u00eancias, n\u00e3o incluindo, como tal, os dados pessoais.<\/p>\n<p style=\"text-align: justify;\"><strong>Para que servem os Cookies?<\/strong><\/p>\n<p style=\"text-align: justify;\">Os cookies servem para ajudar a determinar a utilidade, interesse e o n\u00famero de utiliza\u00e7\u00f5es dos websites, permitindo uma navega\u00e7\u00e3o mais r\u00e1pida e eficiente, eliminando a necessidade de introduzir repetidamente as mesmas informa\u00e7\u00f5es.<\/p>\n<p style=\"text-align: justify;\"><strong>Que tipo de cookies existem?<\/strong><\/p>\n<p style=\"text-align: justify;\">Existem dois grupos cookies que podem ser utilizados<\/p>\n<p style=\"text-align: justify;\"><strong>Cookies permanentes<\/strong>\u00a0&#8211; s\u00e3o cookies que ficam armazenados ao n\u00edvel do browser nos equipamentos de acesso (PC, mobile e tablet) e que s\u00e3o utilizados sempre que faz uma nova visita. S\u00e3o utilizados, geralmente, para direcionar a navega\u00e7\u00e3o aos interesses do utilizador, permitindo prestar um servi\u00e7o mais personalizado.<\/p>\n<p style=\"text-align: justify;\"><strong>Cookies de sess\u00e3o<\/strong>\u00a0&#8211; s\u00e3o cookies tempor\u00e1rios que permanecem no arquivo de cookies do browser at\u00e9 sair do website. A informa\u00e7\u00e3o obtida por estes cookies serve para analisar padr\u00f5es de tr\u00e1fego na web, permitindo identificar problemas e fornecer uma melhor experiencia de navega\u00e7\u00e3o.<\/p>\n<p style=\"text-align: justify;\"><strong>Para que fins utilizamos cookies?<\/strong><\/p>\n<p style=\"text-align: justify;\"><strong>Cookies estritamente necess\u00e1rios\u00a0<\/strong>&#8211; Permitem a navega\u00e7\u00e3o no website e utiliza\u00e7\u00e3o das aplica\u00e7\u00f5es, bem como aceder a \u00e1reas seguras do website. Sem estes cookies, os servi\u00e7os requeridos n\u00e3o podem ser prestados.<\/p>\n<p style=\"text-align: justify;\"><strong>Cookies anal\u00edticos\u00a0<\/strong>&#8211; S\u00e3o utilizados anonimamente para efeitos de cria\u00e7\u00e3o e an\u00e1lise de estat\u00edsticas, no sentido de melhorar o funcionamento do website.<\/p>\n<p style=\"text-align: justify;\"><strong>Cookies de funcionalidade\u00a0<\/strong>&#8211; Guardam as prefer\u00eancias do utilizador relativamente \u00e0 utiliza\u00e7\u00e3o do site, para que n\u00e3o seja necess\u00e1rio voltar a configurar o site cada vez que o visita.<\/p>\n<p style=\"text-align: justify;\"><strong>Como pode gerir os cookies?<\/strong><\/p>\n<p style=\"text-align: justify;\">Todos os browsers permitem ao utilizador aceitar, recusar ou apagar cookies, e ainda informar o utilizador sempre que um cookie \u00e9 recebido, nomeadamente atrav\u00e9s da sele\u00e7\u00e3o das defini\u00e7\u00f5es apropriadas no respetivo navegador. O utilizador pode configurar os cookies no menu &#8220;op\u00e7\u00f5es&#8221; ou &#8220;prefer\u00eancias&#8221; do seu browser.<\/p>\n<p style=\"text-align: justify;\">Note-se, no entanto, que, ao desativar cookies, pode impedir que alguns servi\u00e7os da web funcionem corretamente, afetando, parcial ou totalmente, a navega\u00e7\u00e3o no website.<\/p>\n<h4 style=\"text-align: justify;\">6. Prazo<\/h4>\n<p style=\"text-align: justify;\">A Poetikseason conservar\u00e1 os dados que nos forneceu at\u00e9 se esgotar o fim a que se destinam ou durante os anos necess\u00e1rios para cumprir as obriga\u00e7\u00f5es legais, ou at\u00e9 instru\u00e7\u00f5es suas em contr\u00e1rio.<\/p>\n<h4 style=\"text-align: justify;\">7. Os seus direitos<\/h4>\n<p style=\"text-align: justify;\"><strong>Acesso:<\/strong>\u00a0consultar os seus dados pessoais<\/p>\n<p style=\"text-align: justify;\"><strong>Retifica\u00e7\u00e3o:<\/strong>\u00a0preencher e\/ou corrigir os seus dados pessoais<\/p>\n<p style=\"text-align: justify;\"><strong>Elimina\u00e7\u00e3o:<\/strong>\u00a0remover os seus dados, de acordo com determinados crit\u00e9rios<\/p>\n<p style=\"text-align: justify;\"><strong>Restri\u00e7\u00e3o:<\/strong>\u00a0restringir o tratamento dos seus dados numa determinada altura<\/p>\n<p style=\"text-align: justify;\"><strong>Direito de oposi\u00e7\u00e3o<\/strong> tem o direito de se opor, a qualquer momento, ao tratamento dos seus dados pessoais, por motivos relacionados com a sua situa\u00e7\u00e3o particular, sempre que esteja em causa:<\/p>\n<p style=\"text-align: justify;\"><strong>Portabilidade de dados:\u00a0<\/strong>transferir os seus dados facilmente entre sistemas<\/p>\n<p style=\"text-align: justify;\">Tamb\u00e9m pode controlar e gerir a sua informa\u00e7\u00e3o, com o login feito, na sec\u00e7\u00e3o o meu perfil ou solicita\u00e7\u00e3o via e-mail: <a href=\"mailto:poetikseason@sapo.pt\" target=\"_blank\" rel=\"noopener\">poetikseason@sapo.pt<\/a><\/p>\n<p style=\"text-align: justify;\">A informa\u00e7\u00e3o que fornecer na plataforma da Poetikseason apenas ser\u00e1 utilizada para os fins de identifica\u00e7\u00e3o de dados pessoais que solicitar e em resposta ao seu pedido.<\/p>\n<p style=\"text-align: justify;\">Poder\u00e1 consultar mais pormenores na pagina da CNPD :<\/p>\n<p style=\"text-align: justify;\"><a href=\"https:\/\/www.cnpd.pt\/index.asp\" target=\"_blank\" rel=\"noopener noreferrer\">https:\/\/www.cnpd.pt\/index.asp<\/a><\/p>\n","protected":false},"excerpt":{"rendered":"<p>Poetikseason criou a presente Pol\u00edtica de Privacidade com o intuito de o informar como o site funciona e como a sua informa\u00e7\u00e3o pessoal \u00e9 tratada, tudo de acordo com o Regulamento Geral de Prote\u00e7\u00e3o de Dados Pessoais \u2013 Regulamento n\u00ba 2016\/679 do Parlamento Europeu e do Conselho, de 27 de abril de 2016. Chamamos a &#8230;<\/p>\n","protected":false},"author":1,"featured_media":0,"parent":0,"menu_order":0,"comment_status":"closed","ping_status":"closed","template":"gdpr_terms.php","meta":{"footnotes":""},"acf":[],"_links":{"self":[{"href":"https:\/\/poetikseason.pt\/pt-pt\/wp-json\/wp\/v2\/pages\/29378"}],"collection":[{"href":"https:\/\/poetikseason.pt\/pt-pt\/wp-json\/wp\/v2\/pages"}],"about":[{"href":"https:\/\/poetikseason.pt\/pt-pt\/wp-json\/wp\/v2\/types\/page"}],"author":[{"embeddable":true,"href":"https:\/\/poetikseason.pt\/pt-pt\/wp-json\/wp\/v2\/users\/1"}],"replies":[{"embeddable":true,"href":"https:\/\/poetikseason.pt\/pt-pt\/wp-json\/wp\/v2\/comments?post=29378"}],"version-history":[{"count":5,"href":"https:\/\/poetikseason.pt\/pt-pt\/wp-json\/wp\/v2\/pages\/29378\/revisions"}],"predecessor-version":[{"id":30497,"href":"https:\/\/poetikseason.pt\/pt-pt\/wp-json\/wp\/v2\/pages\/29378\/revisions\/30497"}],"wp:attachment":[{"href":"https:\/\/poetikseason.pt\/pt-pt\/wp-json\/wp\/v2\/media?parent=29378"}],"curies":[{"name":"wp","href":"https:\/\/api.w.org\/{rel}","templated":true}]}}